{"id":2908,"date":"2026-01-18T11:49:59","date_gmt":"2026-01-18T11:49:59","guid":{"rendered":"http:\/\/iesjandula.atryatec.com\/home-2\/"},"modified":"2026-04-21T10:07:47","modified_gmt":"2026-04-21T10:07:47","slug":"home","status":"publish","type":"page","link":"https:\/\/iesjandula.atryatec.com\/","title":{"rendered":"Inicio"},"content":{"rendered":"\t\t<div data-elementor-type=\"wp-page\" data-elementor-id=\"2908\" class=\"elementor elementor-2908\">\n\t\t\t\t<div class=\"elementor-element elementor-element-20628ccf e-flex e-con-boxed e-con e-parent\" data-id=\"20628ccf\" data-element_type=\"container\" id=\"about\" data-settings=\"{&quot;background_background&quot;:&quot;gradient&quot;}\">\n\t\t\t\t\t<div class=\"e-con-inner\">\n\t\t<div class=\"elementor-element elementor-element-174c77d8 e-con-full e-flex e-con e-child\" data-id=\"174c77d8\" data-element_type=\"container\" data-settings=\"{&quot;background_background&quot;:&quot;gradient&quot;}\">\n\t\t\t\t<div class=\"elementor-element elementor-element-6944d288 elementor-widget elementor-widget-cta\" data-id=\"6944d288\" data-element_type=\"widget\" data-settings=\"{&quot;primary_button_shape&quot;:&quot;round&quot;,&quot;box_shape&quot;:&quot;rounded&quot;,&quot;layout_preset&quot;:&quot;focus&quot;,&quot;cta_vertical_position&quot;:&quot;start&quot;}\" data-widget_type=\"cta.default\">\n\t\t\t\t<div class=\"elementor-widget-container\">\n\t\t\t\t\t\t\t<div class=\"has-shape-rounded shape-type-box ehp-cta has-preset-focus\">\n\t\t\t<div class=\"ehp-cta__overlay\"><\/div>\n\t\t\t<div class=\"ehp-cta__elements-container\">\n\t\t\t\t\t\t<div class=\"ehp-cta__text-container\">\n\t\t\t<h1 class=\"ehp-cta__heading\"><u>Soluciones Educativas integrales para un futuro profesional<\/u><\/h1><p class=\"ehp-cta__description\">Especialistas en formaci\u00f3n profesional de excelencia. En IES J\u00e1ndula dise\u00f1amos programas educativos innovadores que preparan profesionales del futuro con competencias t\u00e9cnicas y transversales.<span style=\"letter-spacing: -1.4px\"><\/span><\/p>\t\t<\/div>\n\t\t\t\t\t<div class=\"ehp-cta__ctas-container\">\n\t\t\t\t<div class=\"ehp-cta__buttons-wrapper\">\n\t\t\t\t\t\t\t\t\t\t\t\t\t\t<\/div>\n\t\t\t<\/div>\n\t\t\t\t\t<\/div>\n\t\t<\/div>\n\t\t\t\t\t\t<\/div>\n\t\t\t\t<\/div>\n\t\t\t\t<div class=\"elementor-element elementor-element-02eb23e elementor-widget elementor-widget-image\" data-id=\"02eb23e\" data-element_type=\"widget\" data-widget_type=\"image.default\">\n\t\t\t\t\t\t\t\t\t\t\t\t\t\t\t<img fetchpriority=\"high\" decoding=\"async\" width=\"768\" height=\"432\" src=\"https:\/\/iesjandula.atryatec.com\/wp-content\/uploads\/2026\/04\/ss-768x432.jpg\" class=\"attachment-medium_large size-medium_large wp-image-3606\" alt=\"\" srcset=\"https:\/\/iesjandula.atryatec.com\/wp-content\/uploads\/2026\/04\/ss-768x432.jpg 768w, https:\/\/iesjandula.atryatec.com\/wp-content\/uploads\/2026\/04\/ss-300x169.jpg 300w, https:\/\/iesjandula.atryatec.com\/wp-content\/uploads\/2026\/04\/ss-1024x576.jpg 1024w, https:\/\/iesjandula.atryatec.com\/wp-content\/uploads\/2026\/04\/ss.jpg 1199w\" sizes=\"(max-width: 768px) 100vw, 768px\" \/>\t\t\t\t\t\t\t\t\t\t\t\t\t\t\t<\/div>\n\t\t\t\t<\/div>\n\t\t\t\t\t<\/div>\n\t\t\t\t<\/div>\n\t\t<div class=\"elementor-element elementor-element-bc9514d e-flex e-con-boxed e-con e-parent\" data-id=\"bc9514d\" data-element_type=\"container\" data-settings=\"{&quot;background_background&quot;:&quot;classic&quot;}\">\n\t\t\t\t\t<div class=\"e-con-inner\">\n\t\t<div class=\"elementor-element elementor-element-dc743fb e-con-full e-flex e-con e-child\" data-id=\"dc743fb\" data-element_type=\"container\">\n\t\t\t\t<div class=\"elementor-element elementor-element-cd1cfd9 elementor-widget elementor-widget-image\" data-id=\"cd1cfd9\" data-element_type=\"widget\" data-widget_type=\"image.default\">\n\t\t\t\t\t\t\t\t\t\t\t\t\t\t\t<img decoding=\"async\" width=\"800\" height=\"970\" src=\"https:\/\/iesjandula.atryatec.com\/wp-content\/uploads\/2026\/04\/5f7e8b5f-f915-4927-8d47-e187164b3225.jpg\" class=\"attachment-large size-large wp-image-3711\" alt=\"\" srcset=\"https:\/\/iesjandula.atryatec.com\/wp-content\/uploads\/2026\/04\/5f7e8b5f-f915-4927-8d47-e187164b3225.jpg 828w, https:\/\/iesjandula.atryatec.com\/wp-content\/uploads\/2026\/04\/5f7e8b5f-f915-4927-8d47-e187164b3225-247x300.jpg 247w, https:\/\/iesjandula.atryatec.com\/wp-content\/uploads\/2026\/04\/5f7e8b5f-f915-4927-8d47-e187164b3225-768x931.jpg 768w\" sizes=\"(max-width: 800px) 100vw, 800px\" \/>\t\t\t\t\t\t\t\t\t\t\t\t\t\t\t<\/div>\n\t\t\t\t<\/div>\n\t\t<div class=\"elementor-element elementor-element-2e505c1 e-con-full e-flex e-con e-child\" data-id=\"2e505c1\" data-element_type=\"container\">\n\t\t\t\t<div class=\"elementor-element elementor-element-88382f4 elementor-widget elementor-widget-heading\" data-id=\"88382f4\" data-element_type=\"widget\" data-widget_type=\"heading.default\">\n\t\t\t\t\t<h2 class=\"elementor-heading-title elementor-size-default\"><u>Recupera el control de tu futuro profesional<\/u><\/h2>\t\t\t\t<\/div>\n\t\t\t\t<div class=\"elementor-element elementor-element-d620ebd elementor-widget elementor-widget-text-editor\" data-id=\"d620ebd\" data-element_type=\"widget\" data-widget_type=\"text-editor.default\">\n\t\t\t\t\t\t\t\t\t<p>En IES J\u00e1ndula dise\u00f1amos sistemas de formaci\u00f3n personalizados que gestionan tu aprendizaje, te conectan con empresas colaboradoras y digitalizan tus competencias profesionales. Recupera el control de tu carrera y c\u00e9ntrate en crecer mientras la tecnolog\u00eda trabaja en segundo plano.<\/p><div>\u00a0<\/div>\t\t\t\t\t\t\t\t<\/div>\n\t\t\t\t<\/div>\n\t\t\t\t\t<\/div>\n\t\t\t\t<\/div>\n\t\t<div class=\"elementor-element elementor-element-3190b69 e-flex e-con-boxed e-con e-parent\" data-id=\"3190b69\" data-element_type=\"container\">\n\t\t\t\t\t<div class=\"e-con-inner\">\n\t\t\t\t<div class=\"elementor-element elementor-element-65da789 elementor-widget elementor-widget-heading\" data-id=\"65da789\" data-element_type=\"widget\" data-widget_type=\"heading.default\">\n\t\t\t\t\t<h2 class=\"elementor-heading-title elementor-size-default\"><u>Nuestros Proyectos Destacados<\/u><\/h2>\t\t\t\t<\/div>\n\t\t\t\t\t<\/div>\n\t\t\t\t<\/div>\n\t\t<div class=\"elementor-element elementor-element-b4dc323 e-flex e-con-boxed e-con e-parent\" data-id=\"b4dc323\" data-element_type=\"container\">\n\t\t\t\t\t<div class=\"e-con-inner\">\n\t\t\t\t<div class=\"elementor-element elementor-element-8312317 elementor-arrows-position-inside elementor-widget elementor-widget-image-carousel\" data-id=\"8312317\" data-element_type=\"widget\" data-settings=\"{&quot;navigation&quot;:&quot;arrows&quot;,&quot;autoplay&quot;:&quot;yes&quot;,&quot;pause_on_hover&quot;:&quot;yes&quot;,&quot;pause_on_interaction&quot;:&quot;yes&quot;,&quot;autoplay_speed&quot;:5000,&quot;infinite&quot;:&quot;yes&quot;,&quot;speed&quot;:500}\" data-widget_type=\"image-carousel.default\">\n\t\t\t\t\t\t\t<div class=\"elementor-image-carousel-wrapper swiper\" role=\"region\" aria-roledescription=\"carousel\" aria-label=\"Carrusel de im\u00e1genes\" dir=\"ltr\">\n\t\t\t<div class=\"elementor-image-carousel swiper-wrapper\" aria-live=\"off\">\n\t\t\t\t\t\t\t\t<div class=\"swiper-slide\" role=\"group\" aria-roledescription=\"slide\" aria-label=\"1 de 4\"><figure class=\"swiper-slide-inner\"><img decoding=\"async\" class=\"swiper-slide-image\" src=\"https:\/\/iesjandula.atryatec.com\/wp-content\/uploads\/2026\/04\/PROYUECTO-LINCE-1024x682.jpg\" alt=\"PROYUECTO LINCE\" \/><\/figure><\/div><div class=\"swiper-slide\" role=\"group\" aria-roledescription=\"slide\" aria-label=\"2 de 4\"><figure class=\"swiper-slide-inner\"><img decoding=\"async\" class=\"swiper-slide-image\" src=\"https:\/\/iesjandula.atryatec.com\/wp-content\/uploads\/2026\/04\/ERASMUS-e1776755336799-1024x665.jpg\" alt=\"ERASMUS\" \/><\/figure><\/div><div class=\"swiper-slide\" role=\"group\" aria-roledescription=\"slide\" aria-label=\"3 de 4\"><figure class=\"swiper-slide-inner\"><img decoding=\"async\" class=\"swiper-slide-image\" src=\"https:\/\/iesjandula.atryatec.com\/wp-content\/uploads\/2026\/04\/PUYIO-1024x682.jpg\" alt=\"PUYIO\" \/><\/figure><\/div><div class=\"swiper-slide\" role=\"group\" aria-roledescription=\"slide\" aria-label=\"4 de 4\"><figure class=\"swiper-slide-inner\"><img decoding=\"async\" class=\"swiper-slide-image\" src=\"https:\/\/iesjandula.atryatec.com\/wp-content\/uploads\/2026\/04\/EEEE-e1776755425408-1024x630.jpg\" alt=\"EEEE\" \/><\/figure><\/div>\t\t\t<\/div>\n\t\t\t\t\t\t\t\t\t\t\t\t<div class=\"elementor-swiper-button elementor-swiper-button-prev\" role=\"button\" tabindex=\"0\">\n\t\t\t\t\t\t<svg aria-hidden=\"true\" class=\"e-font-icon-svg e-eicon-chevron-left\" viewBox=\"0 0 1000 1000\" xmlns=\"http:\/\/www.w3.org\/2000\/svg\"><path d=\"M646 125C629 125 613 133 604 142L308 442C296 454 292 471 292 487 292 504 296 521 308 533L604 854C617 867 629 875 646 875 663 875 679 871 692 858 704 846 713 829 713 812 713 796 708 779 692 767L438 487 692 225C700 217 708 204 708 187 708 171 704 154 692 142 675 129 663 125 646 125Z\"><\/path><\/svg>\t\t\t\t\t<\/div>\n\t\t\t\t\t<div class=\"elementor-swiper-button elementor-swiper-button-next\" role=\"button\" tabindex=\"0\">\n\t\t\t\t\t\t<svg aria-hidden=\"true\" class=\"e-font-icon-svg e-eicon-chevron-right\" viewBox=\"0 0 1000 1000\" xmlns=\"http:\/\/www.w3.org\/2000\/svg\"><path d=\"M696 533C708 521 713 504 713 487 713 471 708 454 696 446L400 146C388 133 375 125 354 125 338 125 325 129 313 142 300 154 292 171 292 187 292 204 296 221 308 233L563 492 304 771C292 783 288 800 288 817 288 833 296 850 308 863 321 871 338 875 354 875 371 875 388 867 400 854L696 533Z\"><\/path><\/svg>\t\t\t\t\t<\/div>\n\t\t\t\t\n\t\t\t\t\t\t\t\t\t<\/div>\n\t\t\t\t\t\t<\/div>\n\t\t\t\t<div class=\"elementor-element elementor-element-5c231ec elementor-widget elementor-widget-wp-widget-recent-posts\" data-id=\"5c231ec\" data-element_type=\"widget\" data-widget_type=\"wp-widget-recent-posts.default\">\n\t\t\t\t<div class=\"elementor-widget-container\">\n\t\t\t\t\t\n\t\t\n\t\t<h5>ENTRADAS RECIENTES<\/h5><nav aria-label=\"ENTRADAS RECIENTES\">\n\t\t<ul>\n\t\t\t\t\t\t\t\t\t\t\t<li>\n\t\t\t\t\t<a href=\"https:\/\/iesjandula.atryatec.com\/?p=3683\">Proyecto Erasmus +<\/a>\n\t\t\t\t\t\t\t\t\t<\/li>\n\t\t\t\t\t\t\t\t\t\t\t<li>\n\t\t\t\t\t<a href=\"https:\/\/iesjandula.atryatec.com\/?p=3669\">Proyecto Lince<\/a>\n\t\t\t\t\t\t\t\t\t<\/li>\n\t\t\t\t\t<\/ul>\n\n\t\t<\/nav>\t\t\t\t<\/div>\n\t\t\t\t<\/div>\n\t\t\t\t\t<\/div>\n\t\t\t\t<\/div>\n\t\t\t\t<\/div>\n\t\t","protected":false},"excerpt":{"rendered":"<p>Soluciones Educativas integrales para un futuro profesional Especialistas en formaci\u00f3n profesional de excelencia. En IES J\u00e1ndula dise\u00f1amos programas educativos innovadores que preparan profesionales del futuro con competencias t\u00e9cnicas y transversales. Recupera el control de tu futuro profesional En IES J\u00e1ndula dise\u00f1amos sistemas de formaci\u00f3n personalizados que gestionan tu aprendizaje, te conectan con empresas colaboradoras y [&hellip;]<\/p>\n","protected":false},"author":2,"featured_media":0,"parent":0,"menu_order":0,"comment_status":"closed","ping_status":"closed","template":"elementor_header_footer","meta":{"_kadence_starter_templates_imported_post":false,"footnotes":""},"class_list":["post-2908","page","type-page","status-publish","hentry"],"_links":{"self":[{"href":"https:\/\/iesjandula.atryatec.com\/index.php?rest_route=\/wp\/v2\/pages\/2908","targetHints":{"allow":["GET"]}}],"collection":[{"href":"https:\/\/iesjandula.atryatec.com\/index.php?rest_route=\/wp\/v2\/pages"}],"about":[{"href":"https:\/\/iesjandula.atryatec.com\/index.php?rest_route=\/wp\/v2\/types\/page"}],"author":[{"embeddable":true,"href":"https:\/\/iesjandula.atryatec.com\/index.php?rest_route=\/wp\/v2\/users\/2"}],"replies":[{"embeddable":true,"href":"https:\/\/iesjandula.atryatec.com\/index.php?rest_route=%2Fwp%2Fv2%2Fcomments&post=2908"}],"version-history":[{"count":242,"href":"https:\/\/iesjandula.atryatec.com\/index.php?rest_route=\/wp\/v2\/pages\/2908\/revisions"}],"predecessor-version":[{"id":3730,"href":"https:\/\/iesjandula.atryatec.com\/index.php?rest_route=\/wp\/v2\/pages\/2908\/revisions\/3730"}],"wp:attachment":[{"href":"https:\/\/iesjandula.atryatec.com\/index.php?rest_route=%2Fwp%2Fv2%2Fmedia&parent=2908"}],"curies":[{"name":"wp","href":"https:\/\/api.w.org\/{rel}","templated":true}]}}